{"id":1147,"date":"2022-09-05T12:29:32","date_gmt":"2022-09-05T12:29:32","guid":{"rendered":"https:\/\/820eyubulnj.preview.infomaniak.website\/?page_id=1147"},"modified":"2022-09-05T12:32:21","modified_gmt":"2022-09-05T12:32:21","slug":"privacybeleid","status":"publish","type":"page","link":"https:\/\/services.terra.estate\/nl\/privacybeleid\/","title":{"rendered":"Privacybeleid"},"content":{"rendered":"<div data-elementor-type=\"wp-page\" data-elementor-id=\"1147\" class=\"elementor elementor-1147\" data-elementor-post-type=\"page\">\n\t\t\t\t\t\t<section class=\"has_ae_slider elementor-section elementor-top-section elementor-element elementor-element-711eee19 elementor-section-boxed elementor-section-height-default elementor-section-height-default ae-bg-gallery-type-default\" data-id=\"711eee19\" data-element_type=\"section\" data-e-type=\"section\">\n\t\t\t\t\t\t<div class=\"elementor-container elementor-column-gap-default\">\n\t\t\t\t\t<div class=\"has_ae_slider elementor-column elementor-col-100 elementor-top-column elementor-element elementor-element-352391e7 ae-bg-gallery-type-default\" data-id=\"352391e7\" data-element_type=\"column\" data-e-type=\"column\">\n\t\t\t<div class=\"elementor-widget-wrap elementor-element-populated\">\n\t\t\t\t\t\t<div class=\"elementor-element elementor-element-9940140 elementor-widget elementor-widget-heading\" data-id=\"9940140\" data-element_type=\"widget\" data-e-type=\"widget\" data-widget_type=\"heading.default\">\n\t\t\t\t<div class=\"elementor-widget-container\">\n\t\t\t\t\t<h2 class=\"elementor-heading-title elementor-size-default\">Privacybeleid<\/h2>\t\t\t\t<\/div>\n\t\t\t\t<\/div>\n\t\t\t\t<div class=\"elementor-element elementor-element-547f0821 elementor-widget elementor-widget-text-editor\" data-id=\"547f0821\" data-element_type=\"widget\" data-e-type=\"widget\" data-widget_type=\"text-editor.default\">\n\t\t\t\t<div class=\"elementor-widget-container\">\n\t\t\t\t\t\t\t\t\t<div id=\"block-yui_3_17_2_1_1539165194527_5998\" class=\"sqs-block html-block sqs-block-html\" data-block-type=\"2\">\n<div class=\"sqs-block-content\">\n<p class=\"\"><strong>Terra Estates Management n.v.<\/strong> en <strong>Terra Estates Services s.r.l.<\/strong> persoonlijke gegevens verwerken in overeenstemming met deze privacyverklaring. Voor meer informatie, vragen of opmerkingen over ons privacybeleid:<\/p>\n<p class=\"\">privacy@terra.estate of tel: +32 (0)14-98.01.32<\/p>\n<\/div>\n<\/div>\n<div id=\"block-yui_3_17_2_1_1539165194527_7379\" class=\"sqs-block horizontalrule-block sqs-block-horizontalrule\" data-block-type=\"47\">\n<div class=\"sqs-block-content\"><hr \/><\/div>\n<\/div>\n<div id=\"block-yui_3_17_2_1_1539165104390_4751\" class=\"sqs-block html-block sqs-block-html\" data-block-type=\"2\">\n<div class=\"sqs-block-content\">\n<p>\u00a0<\/p>\n<p>\u00a0<\/p>\n<p class=\"\"><strong>Gegevensverwerking:<\/strong><\/p>\n<p class=\"\">Terra Estates Management s.a. en Terra Estates Services s.r.l. gebruiken de persoonlijke gegevens van klanten alleen voor het beheer van laatstgenoemden (inclusief administratie, geregelde bezoeken of afspraken, rapporten en het versturen van marketing e-mails in de vorm van gepersonaliseerde correspondentie over de diensten die Terra Estates Management s.a. en Terra Estates Services s.r.l. aanbieden. ).<\/p>\n<p>\u00a0<\/p>\n<p class=\"\"><strong>De persoonlijke gegevens die wij verwerken:<\/strong><\/p>\n<p class=\"\">Naam en voornaam, titel, bedrijf, e-mailadres, adres, geslacht, taal, telefoonnummer, mobiel nummer, IP-adres (via cookies) evenals gegevens die wettelijk verplicht of noodzakelijk zijn om een contract uit te voeren.<\/p>\n<p>\u00a0<\/p>\n<p class=\"\"><strong>Rechtsgrondslag voor verwerking:<\/strong><\/p>\n<p class=\"\">Persoonsgegevens worden verwerkt op basis van artikel 6.1. zijnde: toestemming, om een contract te kunnen uitvoeren, omdat een wet, decreet of bevel dit vereist en om de legitieme belangen van ons bedrijf te verdedigen.<\/p>\n<p class=\"\">Voor zover de verwerking van persoonsgegevens plaatsvindt op basis van artikel 6.1. a) toestemming, heeft de klant altijd het recht om de gegeven toestemming in te trekken.<\/p>\n<p>\u00a0<\/p>\n<p class=\"\"><strong>Overdracht aan derden:<\/strong><\/p>\n<p class=\"\">Waar nodig om ons werk uit te voeren, worden de persoonlijke gegevens van de klant gedeeld met andere bedrijven in de Europese Economische Ruimte, of organisaties in derde landen die voldoen aan de regels van de GDPR en direct of indirect verbonden zijn met Terra Estates Management n.v. De gegevens worden niet doorgegeven of verkocht aan derden voor marketingdoeleinden, maar worden doorgegeven in het kader van servicecontracten (bijv. CRM, SaaS, etc.).<\/p>\n<p>\u00a0<\/p>\n<p class=\"\"><strong>Opslagperiode<\/strong><\/p>\n<p class=\"\">De persoonlijke gegevens die u ons verstrekt, worden alleen bewaard zolang als nodig is om de doeleinden te vervullen waarvoor ze zijn verzameld of om te voldoen aan wettelijke verplichtingen.<\/p>\n<p class=\"\">Recht op toegang, rectificatie, verwijdering, beperking, verzet en overdracht van persoonlijke gegevens<\/p>\n<p class=\"\">De klant heeft te allen tijde het recht om zijn persoonlijke gegevens in te zien en kan deze corrigeren als ze onjuist of onvolledig zijn, ze laten intrekken, de verwerking ervan beperken en bezwaar maken tegen de verwerking van zijn persoonlijke gegevens op basis van artikel 6.1 per e-mail naar privacy@terra.estate of per post naar: Terra Estates Management s.a. - Postel 50 - 2400 Mol of Terra Estates Services s.r.l. - Postel 50 - 2400 Mol<\/p>\n<p>\u00a0<\/p>\n<p class=\"\"><strong>Klachten: <\/strong><\/p>\n<p class=\"\">De klant heeft het recht om een klacht in te dienen bij de Commission pour la Protection de la Vie Priv\u00e9e (Rue de la Presse, 35 - 1000 Brussels - commission@privacycommission.be).<\/p>\n<\/div>\n<\/div>\t\t\t\t\t\t\t\t<\/div>\n\t\t\t\t<\/div>\n\t\t\t\t\t<\/div>\n\t\t<\/div>\n\t\t\t\t\t<\/div>\n\t\t<\/section>\n\t\t\t\t<\/div>","protected":false},"excerpt":{"rendered":"<p>Politique de confidentialit\u00e9 Terra Estates Management s.a. et Terra Estates Services s.r.l. traitent les donn\u00e9es personnelles conform\u00e9ment \u00e0 cette d\u00e9claration de confidentialit\u00e9. Pour plus d&rsquo;informations, questions ou commentaires concernant notre politique de confidentialit\u00e9: privacy@terra.estate ou t\u00e9l.: +32 (0)14-98.01.32 Traitement des donn\u00e9es: Terra Estates Management s.a. et Terra Estates Services s.r.l. n\u2019utilisent les donn\u00e9es personnelles de [&hellip;]<\/p>\n","protected":false},"author":3,"featured_media":0,"parent":0,"menu_order":0,"comment_status":"closed","ping_status":"closed","template":"","meta":{"footnotes":""},"class_list":["post-1147","page","type-page","status-publish","hentry"],"yoast_head":"<!-- This site is optimized with the Yoast SEO plugin v27.3 - https:\/\/yoast.com\/product\/yoast-seo-wordpress\/ -->\n<title>Politique de confidentialit\u00e9 - Terra Estates Services<\/title>\n<meta name=\"robots\" content=\"index, follow, max-snippet:-1, max-image-preview:large, max-video-preview:-1\" \/>\n<link rel=\"canonical\" href=\"https:\/\/services.terra.estate\/nl\/privacybeleid\/\" \/>\n<meta property=\"og:locale\" content=\"nl_BE\" \/>\n<meta property=\"og:type\" content=\"article\" \/>\n<meta property=\"og:title\" content=\"Politique de confidentialit\u00e9 - Terra Estates Services\" \/>\n<meta property=\"og:description\" content=\"Politique de confidentialit\u00e9 Terra Estates Management s.a. et Terra Estates Services s.r.l. traitent les donn\u00e9es personnelles conform\u00e9ment \u00e0 cette d\u00e9claration de confidentialit\u00e9. Pour plus d&rsquo;informations, questions ou commentaires concernant notre politique de confidentialit\u00e9: privacy@terra.estate ou t\u00e9l.: +32 (0)14-98.01.32 Traitement des donn\u00e9es: Terra Estates Management s.a. et Terra Estates Services s.r.l. n\u2019utilisent les donn\u00e9es personnelles de [&hellip;]\" \/>\n<meta property=\"og:url\" content=\"https:\/\/services.terra.estate\/nl\/privacybeleid\/\" \/>\n<meta property=\"og:site_name\" content=\"Terra Estates Services\" \/>\n<meta property=\"article:publisher\" content=\"https:\/\/www.facebook.com\/terraestates\" \/>\n<meta property=\"article:modified_time\" content=\"2022-09-05T12:32:21+00:00\" \/>\n<meta name=\"twitter:card\" content=\"summary_large_image\" \/>\n<meta name=\"twitter:label1\" content=\"Geschatte leestijd\" \/>\n\t<meta name=\"twitter:data1\" content=\"3 minuten\" \/>\n<script type=\"application\/ld+json\" class=\"yoast-schema-graph\">{\"@context\":\"https:\\\/\\\/schema.org\",\"@graph\":[{\"@type\":\"WebPage\",\"@id\":\"https:\\\/\\\/services.terra.estate\\\/politique-de-confidentialite\\\/\",\"url\":\"https:\\\/\\\/services.terra.estate\\\/politique-de-confidentialite\\\/\",\"name\":\"Politique de confidentialit\u00e9 - Terra Estates Services\",\"isPartOf\":{\"@id\":\"https:\\\/\\\/services.terra.estate\\\/#website\"},\"datePublished\":\"2022-09-05T12:29:32+00:00\",\"dateModified\":\"2022-09-05T12:32:21+00:00\",\"breadcrumb\":{\"@id\":\"https:\\\/\\\/services.terra.estate\\\/politique-de-confidentialite\\\/#breadcrumb\"},\"inLanguage\":\"nl-BE\",\"potentialAction\":[{\"@type\":\"ReadAction\",\"target\":[\"https:\\\/\\\/services.terra.estate\\\/politique-de-confidentialite\\\/\"]}]},{\"@type\":\"BreadcrumbList\",\"@id\":\"https:\\\/\\\/services.terra.estate\\\/politique-de-confidentialite\\\/#breadcrumb\",\"itemListElement\":[{\"@type\":\"ListItem\",\"position\":1,\"name\":\"Accueil\",\"item\":\"https:\\\/\\\/services.terra.estate\\\/\"},{\"@type\":\"ListItem\",\"position\":2,\"name\":\"Politique de confidentialit\u00e9\"}]},{\"@type\":\"WebSite\",\"@id\":\"https:\\\/\\\/services.terra.estate\\\/#website\",\"url\":\"https:\\\/\\\/services.terra.estate\\\/\",\"name\":\"Terra Estates Services\",\"description\":\"Uw rentmeester | Votre r\u00e9gisseur\",\"publisher\":{\"@id\":\"https:\\\/\\\/services.terra.estate\\\/#organization\"},\"potentialAction\":[{\"@type\":\"SearchAction\",\"target\":{\"@type\":\"EntryPoint\",\"urlTemplate\":\"https:\\\/\\\/services.terra.estate\\\/?s={search_term_string}\"},\"query-input\":{\"@type\":\"PropertyValueSpecification\",\"valueRequired\":true,\"valueName\":\"search_term_string\"}}],\"inLanguage\":\"nl-BE\"},{\"@type\":\"Organization\",\"@id\":\"https:\\\/\\\/services.terra.estate\\\/#organization\",\"name\":\"Terra N.V. - Estates Management\",\"url\":\"https:\\\/\\\/services.terra.estate\\\/\",\"logo\":{\"@type\":\"ImageObject\",\"inLanguage\":\"nl-BE\",\"@id\":\"https:\\\/\\\/services.terra.estate\\\/#\\\/schema\\\/logo\\\/image\\\/\",\"url\":\"https:\\\/\\\/820eyubulnj.preview.infomaniak.website\\\/wp-content\\\/uploads\\\/2021\\\/11\\\/terra-logo.png\",\"contentUrl\":\"https:\\\/\\\/820eyubulnj.preview.infomaniak.website\\\/wp-content\\\/uploads\\\/2021\\\/11\\\/terra-logo.png\",\"width\":357,\"height\":109,\"caption\":\"Terra N.V. - Estates Management\"},\"image\":{\"@id\":\"https:\\\/\\\/services.terra.estate\\\/#\\\/schema\\\/logo\\\/image\\\/\"},\"sameAs\":[\"https:\\\/\\\/www.facebook.com\\\/terraestates\",\"https:\\\/\\\/www.linkedin.com\\\/company\\\/terraestates\"]}]}<\/script>\n<!-- \/ Yoast SEO plugin. -->","yoast_head_json":{"title":"Privacybeleid - Terra Estates Services","robots":{"index":"index","follow":"follow","max-snippet":"max-snippet:-1","max-image-preview":"max-image-preview:large","max-video-preview":"max-video-preview:-1"},"canonical":"https:\/\/services.terra.estate\/nl\/privacybeleid\/","og_locale":"nl_BE","og_type":"article","og_title":"Politique de confidentialit\u00e9 - Terra Estates Services","og_description":"Politique de confidentialit\u00e9 Terra Estates Management s.a. et Terra Estates Services s.r.l. traitent les donn\u00e9es personnelles conform\u00e9ment \u00e0 cette d\u00e9claration de confidentialit\u00e9. Pour plus d&rsquo;informations, questions ou commentaires concernant notre politique de confidentialit\u00e9: privacy@terra.estate ou t\u00e9l.: +32 (0)14-98.01.32 Traitement des donn\u00e9es: Terra Estates Management s.a. et Terra Estates Services s.r.l. n\u2019utilisent les donn\u00e9es personnelles de [&hellip;]","og_url":"https:\/\/services.terra.estate\/nl\/privacybeleid\/","og_site_name":"Terra Estates Services","article_publisher":"https:\/\/www.facebook.com\/terraestates","article_modified_time":"2022-09-05T12:32:21+00:00","twitter_card":"summary_large_image","twitter_misc":{"Geschatte leestijd":"3 minuten"},"schema":{"@context":"https:\/\/schema.org","@graph":[{"@type":"WebPage","@id":"https:\/\/services.terra.estate\/politique-de-confidentialite\/","url":"https:\/\/services.terra.estate\/politique-de-confidentialite\/","name":"Privacybeleid - Terra Estates Services","isPartOf":{"@id":"https:\/\/services.terra.estate\/#website"},"datePublished":"2022-09-05T12:29:32+00:00","dateModified":"2022-09-05T12:32:21+00:00","breadcrumb":{"@id":"https:\/\/services.terra.estate\/politique-de-confidentialite\/#breadcrumb"},"inLanguage":"nl-BE","potentialAction":[{"@type":"ReadAction","target":["https:\/\/services.terra.estate\/politique-de-confidentialite\/"]}]},{"@type":"BreadcrumbList","@id":"https:\/\/services.terra.estate\/politique-de-confidentialite\/#breadcrumb","itemListElement":[{"@type":"ListItem","position":1,"name":"Accueil","item":"https:\/\/services.terra.estate\/"},{"@type":"ListItem","position":2,"name":"Politique de confidentialit\u00e9"}]},{"@type":"WebSite","@id":"https:\/\/services.terra.estate\/#website","url":"https:\/\/services.terra.estate\/","name":"Terra Estates Diensten","description":"Uw rentmeester","publisher":{"@id":"https:\/\/services.terra.estate\/#organization"},"potentialAction":[{"@type":"SearchAction","target":{"@type":"EntryPoint","urlTemplate":"https:\/\/services.terra.estate\/?s={search_term_string}"},"query-input":{"@type":"PropertyValueSpecification","valueRequired":true,"valueName":"search_term_string"}}],"inLanguage":"nl-BE"},{"@type":"Organization","@id":"https:\/\/services.terra.estate\/#organization","name":"Terra N.V. - Beheer van landgoederen","url":"https:\/\/services.terra.estate\/","logo":{"@type":"ImageObject","inLanguage":"nl-BE","@id":"https:\/\/services.terra.estate\/#\/schema\/logo\/image\/","url":"https:\/\/820eyubulnj.preview.infomaniak.website\/wp-content\/uploads\/2021\/11\/terra-logo.png","contentUrl":"https:\/\/820eyubulnj.preview.infomaniak.website\/wp-content\/uploads\/2021\/11\/terra-logo.png","width":357,"height":109,"caption":"Terra N.V. - Estates Management"},"image":{"@id":"https:\/\/services.terra.estate\/#\/schema\/logo\/image\/"},"sameAs":["https:\/\/www.facebook.com\/terraestates","https:\/\/www.linkedin.com\/company\/terraestates"]}]}},"_links":{"self":[{"href":"https:\/\/services.terra.estate\/nl\/wp-json\/wp\/v2\/pages\/1147","targetHints":{"allow":["GET"]}}],"collection":[{"href":"https:\/\/services.terra.estate\/nl\/wp-json\/wp\/v2\/pages"}],"about":[{"href":"https:\/\/services.terra.estate\/nl\/wp-json\/wp\/v2\/types\/page"}],"author":[{"embeddable":true,"href":"https:\/\/services.terra.estate\/nl\/wp-json\/wp\/v2\/users\/3"}],"replies":[{"embeddable":true,"href":"https:\/\/services.terra.estate\/nl\/wp-json\/wp\/v2\/comments?post=1147"}],"version-history":[{"count":8,"href":"https:\/\/services.terra.estate\/nl\/wp-json\/wp\/v2\/pages\/1147\/revisions"}],"predecessor-version":[{"id":1155,"href":"https:\/\/services.terra.estate\/nl\/wp-json\/wp\/v2\/pages\/1147\/revisions\/1155"}],"wp:attachment":[{"href":"https:\/\/services.terra.estate\/nl\/wp-json\/wp\/v2\/media?parent=1147"}],"curies":[{"name":"wp","href":"https:\/\/api.w.org\/{rel}","templated":true}]}}